{"id":85,"date":"2021-12-15T13:27:47","date_gmt":"2021-12-15T18:27:47","guid":{"rendered":"https:\/\/startersites.io\/blocksy\/garderobe\/?page_id=85"},"modified":"2025-12-21T15:56:33","modified_gmt":"2025-12-21T20:56:33","slug":"terminosycondiciones","status":"publish","type":"page","link":"https:\/\/laringocel.com.co\/en\/terminosycondiciones\/","title":{"rendered":"Terms and conditions"},"content":{"rendered":"<div data-elementor-type=\"wp-page\" data-elementor-id=\"85\" class=\"elementor elementor-85\" data-elementor-post-type=\"page\">\n\t\t\t\t<div class=\"elementor-element elementor-element-6ff24017 e-flex e-con-boxed e-con e-parent\" data-id=\"6ff24017\" data-element_type=\"container\">\n\t\t\t\t\t<div class=\"e-con-inner\">\n\t\t\t\t<div class=\"elementor-element elementor-element-7d1a26b5 elementor-widget elementor-widget-text-editor\" data-id=\"7d1a26b5\" data-element_type=\"widget\" data-widget_type=\"text-editor.default\">\n\t\t\t\t\t\t\t\t\t\n<p><strong>TRONICAL S.A.S <\/strong>dispone este sitio para dar un mejor servicio a sus clientes. Por favor lee las siguientes normas que gobiernan tu uso de\u00a0<strong>www.laringocel.com.co<\/strong>, el cual aceptas al acceder a \u00e9l. Si no est\u00e1s de acuerdo, por favor no lo uses. Nos reservamos el derecho a actualizar o cambiar los T\u00e9rminos y Condiciones en cualquier momento sin previo aviso, es por esto que te recomendamos leer esta secci\u00f3n cada vez que vayas a usar este sitio.<\/p>\n<ol>\n<li>RESTRICCIONES DE USO.\u00a0<br \/>Todo el contenido que ves y oyes en el sitio\u00a0<strong>laringocel.com.co\u00a0<\/strong>incluyendo, por ejemplo, las im\u00e1genes, dise\u00f1o del sitio, ilustraciones, gr\u00e1ficos son propiedad intelectual de\u00a0<strong>TRONICAL S.A.S \u00a0<\/strong>El contenido del sitio\u00a0<strong>wwwlaringocel.com.co<\/strong> tiene como prop\u00f3sito el uso personal, no comercial de los usuarios de este sitio. Podr\u00e1s descargar, imprimir o guardar porciones seleccionadas del contenido que te proveemos con las siguientes condiciones:<\/li>\n<\/ol>\n<p>\u2013 Que el uso sea personal, sin ning\u00fan prop\u00f3sito comercial\u00a0<br \/>\u2013 No copiar ni reproducir el contenido en ning\u00fan medio\u00a0<br \/>\u2013 No alterar o modificar en ninguna manera cualquier marca registrada.<\/p>\n<p><strong>LaringoCel\u00a0<\/strong>es una marca registrada. Ning\u00fan derecho, t\u00edtulo o inter\u00e9s en cualquier contenido o material te es trasferido por el resultado de las actividades anteriormente mencionadas.<\/p>\n<p><strong>TRONICAL S.A.S\u00a0<\/strong>tiene completa propiedad intelectual de cualquier contenido que descargues, reproduzcas, imprimas, redistribuyas o guardes de este sitio.\u00a0<br \/>Todos los contenidos del sitio web\u00a0<strong>www.laringocel.com.co<\/strong> son de propiedad exclusiva y mundial de\u00a0<strong>TRONICAL S.A.S\u00a0<\/strong>incluyendo, sin limitaci\u00f3n, reproducciones de los art\u00edculos, dise\u00f1o gr\u00e1fico, logos, im\u00e1genes, textos, ilustraciones, fotograf\u00edas, marcas y otros signos distintivos, en cualquiera de los lenguajes de programaci\u00f3n utilizados o utilizables, as\u00ed como todo el software de funcionamiento y desarrollo del sitio web. La reproducci\u00f3n, distribuci\u00f3n, comunicaci\u00f3n al p\u00fablico, puesta a disposici\u00f3n del p\u00fablico, transformaci\u00f3n, cesi\u00f3n y cualquier otro acto o modalidad de explotaci\u00f3n, en cualquier formato on line u off line que no haya sido expresamente autorizado por el titular de los derechos de explotaci\u00f3n, quedan expresamente prohibidos.<\/p>\n<p><strong>TRONICAL S.A.S \u00a0<\/strong>no concede ninguna licencia o autorizaci\u00f3n de uso de ninguna clase sobre sus derechos de propiedad intelectual e industrial o sobre cualquier otra propiedad o derecho relacionado con la p\u00e1gina web, y los servicios y productos ofrecidos.\u00a0<br \/>En el caso de datos o contenidos facilitados por el usuario al sitio web\u00a0<strong>www.laringocel.com.co<\/strong>, el usuario concede a\u00a0<strong>TRONICAL S.A.S <\/strong>el derecho no exclusivo, exento de derechos de autor y\/o propiedad intelectual, de forma perpetua, irrevocable y totalmente transferible a terceros, a utilizar, reproducir, modificar, adaptar, publicar, traducir, crear servicios derivados, distribuir y exhibir dichas rese\u00f1as y comentarios en todo el mundo y en cualquier medio de comunicaci\u00f3n.<\/p>\n<p>Todas las marcas y denominaciones de servicios que aparecen en el sitio web\u00a0<strong>www.laringocel.com.co\u00a0<\/strong>son marcas registradas y de propiedad de\u00a0<strong>TRONICAL S.A.S<\/strong><\/p>\n<ol>\n<li>POL\u00cdTICA DE PRECIOS\u00a0<br \/><strong>TRONICAL S.A.S<\/strong>, nuestro compromiso es ofrecer comodidad, servicio y disponibilidad de productos en l\u00ednea todos los d\u00edas y a precios atractivos respecto a productos con la misma funcionalidad en el mercado, con algunas ofertas promocionales de mercanc\u00edas, por tiempo limitado en l\u00ednea en\u00a0<strong>laringocel.com.co<\/strong><\/li>\n<li>COLORES\u00a0<br \/><strong>TRONICAL S.A.S\u00a0<\/strong>ha realizado un esfuerzo para mostrar los colores de los productos de la forma m\u00e1s cercana a la realidad posible. No obstante ello, el color de los productos que aparecen en pantalla puede estar sujeto a variaciones dependiendo de la calidad del monitor de tu computador. En este sentido\u00a0<strong>TRONICAL S.A.S\u00a0<\/strong>no puede garantizar que los colores que aparezcan en tu monitor se ajusten fielmente a la realidad.<\/li>\n<li>ERRORES TIPOGR\u00c1FICOS.\u00a0<br \/>En el caso de que un producto en\u00a0<strong>laringocel.com.co<\/strong> aparezca con un precio incorrecto debido a un error tipogr\u00e1fico o error de los sistemas,\u00a0<strong>TRONICAL S.A.S\u00a0<\/strong>tendr\u00e1 derecho a denegar o cancelar cualquier orden puesta para dichos productos. Si en tu tarjeta de cr\u00e9dito ya ha sido cobrada la compra y tu pedido se cancela,\u00a0<strong>TRONICAL S.A.S <\/strong>emitir\u00e1 un abono a tu cuenta de tarjeta cr\u00e9dito o d\u00e9bito por el monto del precio cancelado, o reversar\u00e1 dicha transacci\u00f3n.<\/li>\n<li>TERMINACI\u00d3N DEL SERVICIO.\u00a0<br \/>Los t\u00e9rminos y condiciones se aplican si accedes al sitio, est\u00e1s en el proceso de registro o tienes un proceso de compra.\u00a0<strong>laringocel.com.co\u00a0<\/strong>puede dar por terminado el servicio en cualquier momento sin previa autorizaci\u00f3n. Las disposiciones relativas a Derechos de autor, marcas, responsabilidad, limitaci\u00f3n de responsabilidad, indemnizaci\u00f3n y miscel\u00e1neo, no desaparecen con esta terminaci\u00f3n.<\/li>\n<li>COMUNICACI\u00d3N.\u00a0<br \/><strong>TRONICAL S.A.S\u00a0<\/strong>puede entregarte informaci\u00f3n, por medio de correos electr\u00f3nicos, avisos generales en el sitio, o por comunicaci\u00f3n escrita enviada por correo f\u00edsico a tu direcci\u00f3n de registro.<\/li>\n<li>ACEPTACI\u00d3N DE T\u00c9RMINOS Y CONDICIONES.\u00a0<br \/>Al acceder y utilizar el sitio web\u00a0<strong>laringocel.com.co<\/strong>, aceptas que est\u00e1s sujeto a los T\u00e9rminos y Condiciones, y todas las leyes aplicables regir\u00e1n y se interpretar\u00e1n de conformidad con las leyes Colombianas.<\/li>\n<li>USO DEL SITIO.\u00a0<br \/>El acoso de cualquier manera o forma del sitio, incluso a trav\u00e9s de correo electr\u00f3nico y chat o por lenguaje obsceno o abusivo est\u00e1 estrictamente prohibido.\u00a0<br \/>La suplantaci\u00f3n de identidad est\u00e1 prohibida, inclusive para los directivos o empleados con licencia, el anfitri\u00f3n, o representante de\u00a0<strong>TRONICAL S.A.S,<\/strong>as\u00ed como para otros miembros o visitantes.\u00a0<br \/>No se puede cargar, distribuir o publicar a trav\u00e9s de este sitio cualquier contenido que sea difamatorio, calumnioso, obsceno, amenazante, invasor de la privacidad o de los derechos de publicidad, abusivo, ilegal, o de cualquier otra manera que puedan constituir o fomentar un delito penal, violar los derechos de cualquiera de las partes o que de lo contrario puede dar lugar a responsabilidad civil o violar cualquier ley.\u00a0<br \/>El contenido comercial para solicitar a otros a unirse o ser miembros de cualquier otro servicio comercial en l\u00ednea u organizaci\u00f3n est\u00e1 prohibido.\u00a0<\/li>\n<li>V\u00cdNCULOS A TERCEROS\u00a0<br \/>En un intento de dar m\u00e1s valor a nuestros visitantes,\u00a0<strong>TRONICAL S.A.S <\/strong>puede elegir varios sitios web de terceros para acceder desde ellos. Sin embargo, incluso si el tercero fue contratado por\u00a0<strong> TRONICAL S.A.S\u00a0<\/strong>no tenemos ning\u00fan control sobre estos sitios, los cuales pueden tener pr\u00e1cticas de privacidad y de recopilaci\u00f3n de datos diferentes e independientes a las nuestras.\u00a0<strong>TRONICAL S.A.S \u00a0<\/strong>no tiene ninguna responsabilidad u obligaci\u00f3n por estas pol\u00edticas o acciones de terceros, y no es responsable por las pr\u00e1cticas de privacidad o el contenido de dichos sitios web.<\/li>\n<li>RESPONSABILIDAD\u00a0<br \/>Este sitio, los materiales y productos expuestos en \u00e9l son mostrados de forma real y sin garant\u00edas de ning\u00fan tipo, ya sea expl\u00edcita o impl\u00edcitamente.\u00a0<br \/><strong>TRONICAL S.A.S\u00a0<\/strong>renuncia a las garant\u00edas y representaciones hasta el l\u00edmite impuesto por la ley colombiana, incluyendo, pero no limitado a las garant\u00edas de comercializaci\u00f3n y aptitud para un prop\u00f3sito particular legal.\u00a0<br \/><strong>TRONICAL S.A.S\u00a0<\/strong>no garantiza que las funciones contenidas en el sitio no puedan ser sujetas de interrupciones o errores, ni que todos los defectos ser\u00e1n corregidos, ni que el sitio o el servidor est\u00e9 libre de virus o de otros componentes peligrosos.\u00a0<br \/><strong>TRONICAL S.A.S\u00a0<\/strong>no hace ninguna garant\u00eda o representaci\u00f3n sobre el uso de los materiales en este sitio en cuanto a su exactitud, adecuaci\u00f3n, utilidad, puntualidad, confiabilidad o de otra manera. Estas limitaciones pueden no ser aplicables al usuario.<\/li>\n<\/ol>\n\t\t\t\t\t\t\t\t<\/div>\n\t\t\t\t\t<\/div>\n\t\t\t\t<\/div>\n\t\t\t\t<\/div>","protected":false},"excerpt":{"rendered":"<p>TRONICAL S.A.S dispone este sitio para dar un mejor servicio a sus clientes. Por favor lee las siguientes normas que gobiernan tu uso de\u00a0www.laringocel.com.co, el cual aceptas al acceder a \u00e9l. Si no est\u00e1s de acuerdo, por favor no lo uses. Nos reservamos el derecho a actualizar o cambiar los T\u00e9rminos y Condiciones en cualquier [&hellip;]<\/p>\n","protected":false},"author":1,"featured_media":0,"parent":0,"menu_order":0,"comment_status":"closed","ping_status":"closed","template":"","meta":{"footnotes":""},"class_list":["post-85","page","type-page","status-publish","hentry"],"blocksy_meta":[],"_links":{"self":[{"href":"https:\/\/laringocel.com.co\/en\/wp-json\/wp\/v2\/pages\/85","targetHints":{"allow":["GET"]}}],"collection":[{"href":"https:\/\/laringocel.com.co\/en\/wp-json\/wp\/v2\/pages"}],"about":[{"href":"https:\/\/laringocel.com.co\/en\/wp-json\/wp\/v2\/types\/page"}],"author":[{"embeddable":true,"href":"https:\/\/laringocel.com.co\/en\/wp-json\/wp\/v2\/users\/1"}],"replies":[{"embeddable":true,"href":"https:\/\/laringocel.com.co\/en\/wp-json\/wp\/v2\/comments?post=85"}],"version-history":[{"count":7,"href":"https:\/\/laringocel.com.co\/en\/wp-json\/wp\/v2\/pages\/85\/revisions"}],"predecessor-version":[{"id":4072,"href":"https:\/\/laringocel.com.co\/en\/wp-json\/wp\/v2\/pages\/85\/revisions\/4072"}],"wp:attachment":[{"href":"https:\/\/laringocel.com.co\/en\/wp-json\/wp\/v2\/media?parent=85"}],"curies":[{"name":"wp","href":"https:\/\/api.w.org\/{rel}","templated":true}]}}