{"id":4074,"date":"2025-12-21T15:59:40","date_gmt":"2025-12-21T20:59:40","guid":{"rendered":"https:\/\/laringocel.com.co\/?page_id=4074"},"modified":"2025-12-21T16:05:44","modified_gmt":"2025-12-21T21:05:44","slug":"politicasdeenvio","status":"publish","type":"page","link":"https:\/\/laringocel.com.co\/en\/politicasdeenvio\/","title":{"rendered":"Shipping Policies"},"content":{"rendered":"<div data-elementor-type=\"wp-page\" data-elementor-id=\"4074\" class=\"elementor elementor-4074\" data-elementor-post-type=\"page\">\n\t\t\t\t<div class=\"elementor-element elementor-element-6ff24017 e-flex e-con-boxed e-con e-parent\" data-id=\"6ff24017\" data-element_type=\"container\">\n\t\t\t\t\t<div class=\"e-con-inner\">\n\t\t\t\t<div class=\"elementor-element elementor-element-7d1a26b5 elementor-widget elementor-widget-text-editor\" data-id=\"7d1a26b5\" data-element_type=\"widget\" data-widget_type=\"text-editor.default\">\n\t\t\t\t\t\t\t\t\t\n<p>En\u00a0<strong>Laringocel.com.co<\/strong>, nuestro compromiso es cumplir con los tiempos de entrega, por lo tanto, si el d\u00eda que llegue tu pedido no est\u00e1s presente para recibirlo, la transportadora estar\u00e1 autorizada para dejarlo en la porter\u00eda de la direcci\u00f3n indicada. Sabemos lo importante que es para ti y que no te gustar\u00eda esperar hasta una pr\u00f3xima oportunidad para recibirlo.\u00a0<\/p>\n<p><strong>TIEMPOS DE ENVIO:<\/strong><\/p>\n<p>En\u00a0<strong>TRONICAL S.A.S\u00a0<\/strong>queremos garantizar que tu pedido sea entregado en el tiempo acordado. Si necesitamos comunicarnos contigo para notificarte alguna novedad del pedido.<\/p>\n<p>En nuestra tienda online queremos entregar tu pedido en el menor tiempo posible, por eso nuestra promesa de entrega es de\u00a0<strong>7 d\u00edas h\u00e1biles<\/strong>. Nuestros env\u00edos son GRATUITOS por la compra de cualquiera de los dos productos (Laringocel #1 \/ Laringocel Kit).<\/p>\n<p>En el caso de compra de las valvas o palas, si tiene un costo de envi\u00f3 de $25.000\u00a0 a cualquier\u00a0 ciudad del territorio nacional Colombiano. En ocasiones se presentan novedades que nos impiden cumplir con nuestra promesa, sin embargo, queremos garantizarte que este tiempo no exceder\u00e1 el plazo de 30 d\u00edas que otorga el Estatuto del Consumidor para la entrega de tu compra.<\/p>\n<p><strong>POL\u00cdTICA DE REEMBOLSO<\/strong><\/p>\n<p>POL\u00cdTICAS DE DEVOLUCI\u00d3N\/RETRACTO<\/p>\n<p>De acuerdo con las condiciones de venta, dado que el producto es personalizado, no aplica la pol\u00edtica de reembolso ni el derecho de retracto.<\/p>\n<p>Esta pol\u00edtica solo aplica para env\u00edos internacionales, en aquellos casos en los que, por motivos aduaneros propios del pa\u00eds de destino, no sea posible realizar la entrega y el producto sea repatriado a Colombia. En dichos casos, se realizar\u00e1 el reembolso total del dinero al cliente.<\/p>\n<p>Este procedimiento se llevar\u00e1 a cabo \u00fanicamente cuando, de manera definitiva, no exista ninguna alternativa viable de env\u00edo o entrega.<\/p>\n\t\t\t\t\t\t\t\t<\/div>\n\t\t\t\t\t<\/div>\n\t\t\t\t<\/div>\n\t\t\t\t<\/div>","protected":false},"excerpt":{"rendered":"<p>En\u00a0Laringocel.com.co, nuestro compromiso es cumplir con los tiempos de entrega, por lo tanto, si el d\u00eda que llegue tu pedido no est\u00e1s presente para recibirlo, la transportadora estar\u00e1 autorizada para dejarlo en la porter\u00eda de la direcci\u00f3n indicada. Sabemos lo importante que es para ti y que no te gustar\u00eda esperar hasta una pr\u00f3xima oportunidad [&hellip;]<\/p>\n","protected":false},"author":1,"featured_media":0,"parent":0,"menu_order":0,"comment_status":"closed","ping_status":"closed","template":"","meta":{"footnotes":""},"class_list":["post-4074","page","type-page","status-publish","hentry"],"blocksy_meta":[],"_links":{"self":[{"href":"https:\/\/laringocel.com.co\/en\/wp-json\/wp\/v2\/pages\/4074","targetHints":{"allow":["GET"]}}],"collection":[{"href":"https:\/\/laringocel.com.co\/en\/wp-json\/wp\/v2\/pages"}],"about":[{"href":"https:\/\/laringocel.com.co\/en\/wp-json\/wp\/v2\/types\/page"}],"author":[{"embeddable":true,"href":"https:\/\/laringocel.com.co\/en\/wp-json\/wp\/v2\/users\/1"}],"replies":[{"embeddable":true,"href":"https:\/\/laringocel.com.co\/en\/wp-json\/wp\/v2\/comments?post=4074"}],"version-history":[{"count":10,"href":"https:\/\/laringocel.com.co\/en\/wp-json\/wp\/v2\/pages\/4074\/revisions"}],"predecessor-version":[{"id":4085,"href":"https:\/\/laringocel.com.co\/en\/wp-json\/wp\/v2\/pages\/4074\/revisions\/4085"}],"wp:attachment":[{"href":"https:\/\/laringocel.com.co\/en\/wp-json\/wp\/v2\/media?parent=4074"}],"curies":[{"name":"wp","href":"https:\/\/api.w.org\/{rel}","templated":true}]}}